{"id":407,"date":"2023-05-30T12:02:52","date_gmt":"2023-05-30T03:02:52","guid":{"rendered":"https:\/\/mirai-asia.com\/?page_id=407"},"modified":"2023-09-21T23:15:49","modified_gmt":"2023-09-21T14:15:49","slug":"company","status":"publish","type":"page","link":"https:\/\/mirai-asia.com\/vi\/company","title":{"rendered":"H\u1ed3 s\u01a1 c\u00f4ng ty"},"content":{"rendered":"<section class=\"section\" id=\"section_107001695\">\n\t\t<div class=\"bg section-bg fill bg-fill  bg-loaded\" >\n\n\t\t\t\n\t\t\t\n\t\t\t\n\n\t\t<\/div>\n\n\t\t\n\n\t\t<div class=\"section-content relative\">\n\t\t\t\n\t<div id=\"text-2712495554\" class=\"text\">\n\t\t\n<p><span style=\"font-size: 120%;\">H\u1ed3 s\u01a1 c\u00f4ng ty<\/span><\/p>\n\t\t\n<style>\n#text-2712495554 {\n  text-align: center;\n}\n<\/style>\n\t<\/div>\n\t\n\t\t<\/div>\n\n\t\t\n<style>\n#section_107001695 {\n  padding-top: 30px;\n  padding-bottom: 30px;\n}\n#section_107001695 .ux-shape-divider--top svg {\n  height: 150px;\n  --divider-top-width: 100%;\n}\n#section_107001695 .ux-shape-divider--bottom svg {\n  height: 150px;\n  --divider-width: 100%;\n}\n<\/style>\n\t<\/section>\n\t\n<p><span style=\"font-family: tahoma, arial, helvetica, sans-serif;\">T\u00ean c\u00f4ng ty   Mirai Asia Corporation<\/span><\/p>\n<p><span style=\"font-family: tahoma, arial, helvetica, sans-serif;\">Ng\u00e0y Th\u00e0nh L\u1eadp     26\/04\/2023<\/span><\/p>\n<p><span style=\"font-family: tahoma, arial, helvetica, sans-serif;\">V\u1ed1n \u0111i\u1ec1u l\u1ec7    5.000.000 y\u00ean<\/span><\/p>\n<p><span style=\"font-family: tahoma, arial, helvetica, sans-serif;\">Tr\u1ee5 s\u1edf c\u00f4ng ty :  101-0027 Tokyo, Chiyoda-ku,  Kanda Hirakawacho 1, T\u00f2a nh\u00e0 3rd East, 6F<\/span><\/p>","protected":false},"excerpt":{"rendered":"<p>\u4f1a\u793e\u540d\u3000\u3000\u3000\u682a\u5f0f\u4f1a\u793e\u30df\u30e9\u30a4\u30fb\u30a2\u30b8\u30a2 \u8a2d\u7acb\u65e5\u3000\u3000\u30002023\u5e744\u670826\u65e5 \u8cc7\u672c\u91d1\u3000\u3000\u3000500\u4e07\u5186 \u672c\u793e\u4f4f\u6240\u3000\u3000\u30121 [&#8230;]","protected":false},"author":2,"featured_media":0,"parent":0,"menu_order":0,"comment_status":"closed","ping_status":"closed","template":"","meta":{"footnotes":""},"class_list":["post-407","page","type-page","status-publish","hentry"],"yoast_head":"<!-- This site is optimized with the Yoast SEO Premium plugin v19.0.1 (Yoast SEO v20.11) - https:\/\/yoast.com\/wordpress\/plugins\/seo\/ -->\n<title>\u4f1a\u793e\u6982\u8981 - Mirai Asia<\/title>\n<meta name=\"robots\" content=\"index, follow, max-snippet:-1, max-image-preview:large, max-video-preview:-1\" \/>\n<link rel=\"canonical\" href=\"https:\/\/mirai-asia.com\/vi\/company\/\" \/>\n<meta property=\"og:locale\" content=\"vi_VN\" \/>\n<meta property=\"og:type\" content=\"article\" \/>\n<meta property=\"og:title\" content=\"\u4f1a\u793e\u6982\u8981\" \/>\n<meta property=\"og:description\" content=\"\u4f1a\u793e\u540d\u3000\u3000\u3000\u682a\u5f0f\u4f1a\u793e\u30df\u30e9\u30a4\u30fb\u30a2\u30b8\u30a2 \u8a2d\u7acb\u65e5\u3000\u3000\u30002023\u5e744\u670826\u65e5 \u8cc7\u672c\u91d1\u3000\u3000\u3000500\u4e07\u5186 \u672c\u793e\u4f4f\u6240\u3000\u3000\u30121 [...]\" \/>\n<meta property=\"og:url\" content=\"https:\/\/mirai-asia.com\/vi\/company\/\" \/>\n<meta property=\"og:site_name\" content=\"Mirai Asia\" \/>\n<meta property=\"article:modified_time\" content=\"2023-09-21T14:15:49+00:00\" \/>\n<meta name=\"twitter:card\" content=\"summary_large_image\" \/>\n<meta name=\"twitter:label1\" content=\"\u01af\u1edbc t\u00ednh th\u1eddi gian \u0111\u1ecdc\" \/>\n\t<meta name=\"twitter:data1\" content=\"1 ph\u00fat\" \/>\n<script type=\"application\/ld+json\" class=\"yoast-schema-graph\">{\"@context\":\"https:\/\/schema.org\",\"@graph\":[{\"@type\":\"WebPage\",\"@id\":\"https:\/\/mirai-asia.com\/company\",\"url\":\"https:\/\/mirai-asia.com\/company\",\"name\":\"\u4f1a\u793e\u6982\u8981 - Mirai Asia\",\"isPartOf\":{\"@id\":\"https:\/\/mirai-asia.com\/#website\"},\"datePublished\":\"2023-05-30T03:02:52+00:00\",\"dateModified\":\"2023-09-21T14:15:49+00:00\",\"breadcrumb\":{\"@id\":\"https:\/\/mirai-asia.com\/company#breadcrumb\"},\"inLanguage\":\"vi\",\"potentialAction\":[{\"@type\":\"ReadAction\",\"target\":[\"https:\/\/mirai-asia.com\/company\"]}]},{\"@type\":\"BreadcrumbList\",\"@id\":\"https:\/\/mirai-asia.com\/company#breadcrumb\",\"itemListElement\":[{\"@type\":\"ListItem\",\"position\":1,\"name\":\"TOP\",\"item\":\"https:\/\/mirai-asia.com\/\"},{\"@type\":\"ListItem\",\"position\":2,\"name\":\"\u4f1a\u793e\u6982\u8981\"}]},{\"@type\":\"WebSite\",\"@id\":\"https:\/\/mirai-asia.com\/#website\",\"url\":\"https:\/\/mirai-asia.com\/\",\"name\":\"Mirai Asia\",\"description\":\"\u3042\u306a\u305f\u306e\u5065\u5eb7\u304c\u79c1\u305f\u3061\u306e\u5e78\u305b\u3067\u3059!\",\"potentialAction\":[{\"@type\":\"SearchAction\",\"target\":{\"@type\":\"EntryPoint\",\"urlTemplate\":\"https:\/\/mirai-asia.com\/?s={search_term_string}\"},\"query-input\":\"required name=search_term_string\"}],\"inLanguage\":\"vi\"}]}<\/script>\n<!-- \/ Yoast SEO Premium plugin. -->","yoast_head_json":{"title":"\u4f1a\u793e\u6982\u8981 - Mirai Asia","robots":{"index":"index","follow":"follow","max-snippet":"max-snippet:-1","max-image-preview":"max-image-preview:large","max-video-preview":"max-video-preview:-1"},"canonical":"https:\/\/mirai-asia.com\/vi\/company\/","og_locale":"vi_VN","og_type":"article","og_title":"\u4f1a\u793e\u6982\u8981","og_description":"\u4f1a\u793e\u540d\u3000\u3000\u3000\u682a\u5f0f\u4f1a\u793e\u30df\u30e9\u30a4\u30fb\u30a2\u30b8\u30a2 \u8a2d\u7acb\u65e5\u3000\u3000\u30002023\u5e744\u670826\u65e5 \u8cc7\u672c\u91d1\u3000\u3000\u3000500\u4e07\u5186 \u672c\u793e\u4f4f\u6240\u3000\u3000\u30121 [...]","og_url":"https:\/\/mirai-asia.com\/vi\/company\/","og_site_name":"Mirai Asia","article_modified_time":"2023-09-21T14:15:49+00:00","twitter_card":"summary_large_image","twitter_misc":{"\u01af\u1edbc t\u00ednh th\u1eddi gian \u0111\u1ecdc":"1 ph\u00fat"},"schema":{"@context":"https:\/\/schema.org","@graph":[{"@type":"WebPage","@id":"https:\/\/mirai-asia.com\/company","url":"https:\/\/mirai-asia.com\/company","name":"\u4f1a\u793e\u6982\u8981 - Mirai Asia","isPartOf":{"@id":"https:\/\/mirai-asia.com\/#website"},"datePublished":"2023-05-30T03:02:52+00:00","dateModified":"2023-09-21T14:15:49+00:00","breadcrumb":{"@id":"https:\/\/mirai-asia.com\/company#breadcrumb"},"inLanguage":"vi","potentialAction":[{"@type":"ReadAction","target":["https:\/\/mirai-asia.com\/company"]}]},{"@type":"BreadcrumbList","@id":"https:\/\/mirai-asia.com\/company#breadcrumb","itemListElement":[{"@type":"ListItem","position":1,"name":"TOP","item":"https:\/\/mirai-asia.com\/"},{"@type":"ListItem","position":2,"name":"\u4f1a\u793e\u6982\u8981"}]},{"@type":"WebSite","@id":"https:\/\/mirai-asia.com\/#website","url":"https:\/\/mirai-asia.com\/","name":"Mirai Asia","description":"\u3042\u306a\u305f\u306e\u5065\u5eb7\u304c\u79c1\u305f\u3061\u306e\u5e78\u305b\u3067\u3059!","potentialAction":[{"@type":"SearchAction","target":{"@type":"EntryPoint","urlTemplate":"https:\/\/mirai-asia.com\/?s={search_term_string}"},"query-input":"required name=search_term_string"}],"inLanguage":"vi"}]}},"_links":{"self":[{"href":"https:\/\/mirai-asia.com\/vi\/wp-json\/wp\/v2\/pages\/407","targetHints":{"allow":["GET"]}}],"collection":[{"href":"https:\/\/mirai-asia.com\/vi\/wp-json\/wp\/v2\/pages"}],"about":[{"href":"https:\/\/mirai-asia.com\/vi\/wp-json\/wp\/v2\/types\/page"}],"author":[{"embeddable":true,"href":"https:\/\/mirai-asia.com\/vi\/wp-json\/wp\/v2\/users\/2"}],"replies":[{"embeddable":true,"href":"https:\/\/mirai-asia.com\/vi\/wp-json\/wp\/v2\/comments?post=407"}],"version-history":[{"count":5,"href":"https:\/\/mirai-asia.com\/vi\/wp-json\/wp\/v2\/pages\/407\/revisions"}],"predecessor-version":[{"id":657,"href":"https:\/\/mirai-asia.com\/vi\/wp-json\/wp\/v2\/pages\/407\/revisions\/657"}],"wp:attachment":[{"href":"https:\/\/mirai-asia.com\/vi\/wp-json\/wp\/v2\/media?parent=407"}],"curies":[{"name":"wp","href":"https:\/\/api.w.org\/{rel}","templated":true}]}}